{"id":73,"date":"2023-01-05T14:07:30","date_gmt":"2023-01-05T13:07:30","guid":{"rendered":"https:\/\/www.autolaveuse-balayeuse-services.com\/?page_id=73"},"modified":"2026-03-07T13:31:29","modified_gmt":"2026-03-07T12:31:29","slug":"locations-autolaveuse-abs-vous-propose-ici-une-selection-de-machines-de-nettoyage-et-de-balayage-disponible-a-la-location-courte-et-longue-duree","status":"publish","type":"page","link":"https:\/\/www.autolaveuse-balayeuse-services.com\/index.php\/locations-autolaveuse-abs-vous-propose-ici-une-selection-de-machines-de-nettoyage-et-de-balayage-disponible-a-la-location-courte-et-longue-duree\/","title":{"rendered":"Locations"},"content":{"rendered":"\t\t<div data-elementor-type=\"wp-page\" data-elementor-id=\"73\" class=\"elementor elementor-73\">\n\t\t\t\t\t\t\t\t\t<section class=\"elementor-section elementor-top-section elementor-element elementor-element-cee8283 elementor-section-boxed elementor-section-height-default elementor-section-height-default\" data-id=\"cee8283\" data-element_type=\"section\">\n\t\t\t\t\t\t<div class=\"elementor-container elementor-column-gap-default\">\n\t\t\t\t\t<div class=\"elementor-column elementor-col-100 elementor-top-column elementor-element elementor-element-21a9c7a\" data-id=\"21a9c7a\" data-element_type=\"column\">\n\t\t\t<div class=\"elementor-widget-wrap elementor-element-populated\">\n\t\t\t\t\t\t\t\t<div class=\"elementor-element elementor-element-54ea185 elementor-widget elementor-widget-heading\" data-id=\"54ea185\" data-element_type=\"widget\" data-widget_type=\"heading.default\">\n\t\t\t\t<div class=\"elementor-widget-container\">\n\t\t\t<style>\/*! elementor - v3.7.4 - 31-08-2022 *\/\n.elementor-heading-title{padding:0;margin:0;line-height:1}.elementor-widget-heading .elementor-heading-title[class*=elementor-size-]>a{color:inherit;font-size:inherit;line-height:inherit}.elementor-widget-heading .elementor-heading-title.elementor-size-small{font-size:15px}.elementor-widget-heading .elementor-heading-title.elementor-size-medium{font-size:19px}.elementor-widget-heading .elementor-heading-title.elementor-size-large{font-size:29px}.elementor-widget-heading .elementor-heading-title.elementor-size-xl{font-size:39px}.elementor-widget-heading .elementor-heading-title.elementor-size-xxl{font-size:59px}<\/style><h2 class=\"elementor-heading-title elementor-size-default\">LOCATION COURTE DUR\u00c9E<\/h2>\t\t<\/div>\n\t\t\t\t<\/div>\n\t\t\t\t<div class=\"elementor-element elementor-element-db73855 elementor-widget-divider--view-line elementor-widget elementor-widget-divider\" data-id=\"db73855\" data-element_type=\"widget\" data-widget_type=\"divider.default\">\n\t\t\t\t<div class=\"elementor-widget-container\">\n\t\t\t<style>\/*! elementor - v3.7.4 - 31-08-2022 *\/\n.elementor-widget-divider{--divider-border-style:none;--divider-border-width:1px;--divider-color:#2c2c2c;--divider-icon-size:20px;--divider-element-spacing:10px;--divider-pattern-height:24px;--divider-pattern-size:20px;--divider-pattern-url:none;--divider-pattern-repeat:repeat-x}.elementor-widget-divider .elementor-divider{display:-webkit-box;display:-ms-flexbox;display:flex}.elementor-widget-divider .elementor-divider__text{font-size:15px;line-height:1;max-width:95%}.elementor-widget-divider .elementor-divider__element{margin:0 var(--divider-element-spacing);-ms-flex-negative:0;flex-shrink:0}.elementor-widget-divider .elementor-icon{font-size:var(--divider-icon-size)}.elementor-widget-divider .elementor-divider-separator{display:-webkit-box;display:-ms-flexbox;display:flex;margin:0;direction:ltr}.elementor-widget-divider--view-line_icon .elementor-divider-separator,.elementor-widget-divider--view-line_text .elementor-divider-separator{-webkit-box-align:center;-ms-flex-align:center;align-items:center}.elementor-widget-divider--view-line_icon .elementor-divider-separator:after,.elementor-widget-divider--view-line_icon .elementor-divider-separator:before,.elementor-widget-divider--view-line_text .elementor-divider-separator:after,.elementor-widget-divider--view-line_text .elementor-divider-separator:before{display:block;content:\"\";border-bottom:0;-webkit-box-flex:1;-ms-flex-positive:1;flex-grow:1;border-top:var(--divider-border-width) var(--divider-border-style) var(--divider-color)}.elementor-widget-divider--element-align-left .elementor-divider .elementor-divider-separator>.elementor-divider__svg:first-of-type{-webkit-box-flex:0;-ms-flex-positive:0;flex-grow:0;-ms-flex-negative:100;flex-shrink:100}.elementor-widget-divider--element-align-left .elementor-divider-separator:before{content:none}.elementor-widget-divider--element-align-left .elementor-divider__element{margin-left:0}.elementor-widget-divider--element-align-right .elementor-divider .elementor-divider-separator>.elementor-divider__svg:last-of-type{-webkit-box-flex:0;-ms-flex-positive:0;flex-grow:0;-ms-flex-negative:100;flex-shrink:100}.elementor-widget-divider--element-align-right .elementor-divider-separator:after{content:none}.elementor-widget-divider--element-align-right .elementor-divider__element{margin-right:0}.elementor-widget-divider:not(.elementor-widget-divider--view-line_text):not(.elementor-widget-divider--view-line_icon) .elementor-divider-separator{border-top:var(--divider-border-width) var(--divider-border-style) var(--divider-color)}.elementor-widget-divider--separator-type-pattern{--divider-border-style:none}.elementor-widget-divider--separator-type-pattern.elementor-widget-divider--view-line .elementor-divider-separator,.elementor-widget-divider--separator-type-pattern:not(.elementor-widget-divider--view-line) .elementor-divider-separator:after,.elementor-widget-divider--separator-type-pattern:not(.elementor-widget-divider--view-line) .elementor-divider-separator:before,.elementor-widget-divider--separator-type-pattern:not([class*=elementor-widget-divider--view]) .elementor-divider-separator{width:100%;min-height:var(--divider-pattern-height);-webkit-mask-size:var(--divider-pattern-size) 100%;mask-size:var(--divider-pattern-size) 100%;-webkit-mask-repeat:var(--divider-pattern-repeat);mask-repeat:var(--divider-pattern-repeat);background-color:var(--divider-color);-webkit-mask-image:var(--divider-pattern-url);mask-image:var(--divider-pattern-url)}.elementor-widget-divider--no-spacing{--divider-pattern-size:auto}.elementor-widget-divider--bg-round{--divider-pattern-repeat:round}.rtl .elementor-widget-divider .elementor-divider__text{direction:rtl}.e-container>.elementor-widget-divider{width:var(--container-widget-width,100%);--flex-grow:var(--container-widget-flex-grow,0)}<\/style>\t\t<div class=\"elementor-divider\">\n\t\t\t<span class=\"elementor-divider-separator\">\n\t\t\t\t\t\t<\/span>\n\t\t<\/div>\n\t\t\t\t<\/div>\n\t\t\t\t<\/div>\n\t\t\t\t<div class=\"elementor-element elementor-element-3be715a elementor-widget elementor-widget-text-editor\" data-id=\"3be715a\" data-element_type=\"widget\" data-widget_type=\"text-editor.default\">\n\t\t\t\t<div class=\"elementor-widget-container\">\n\t\t\t<style>\/*! elementor - v3.7.4 - 31-08-2022 *\/\n.elementor-widget-text-editor.elementor-drop-cap-view-stacked .elementor-drop-cap{background-color:#818a91;color:#fff}.elementor-widget-text-editor.elementor-drop-cap-view-framed .elementor-drop-cap{color:#818a91;border:3px solid;background-color:transparent}.elementor-widget-text-editor:not(.elementor-drop-cap-view-default) .elementor-drop-cap{margin-top:8px}.elementor-widget-text-editor:not(.elementor-drop-cap-view-default) .elementor-drop-cap-letter{width:1em;height:1em}.elementor-widget-text-editor .elementor-drop-cap{float:left;text-align:center;line-height:1;font-size:50px}.elementor-widget-text-editor .elementor-drop-cap-letter{display:inline-block}<\/style>\t\t\t\t<p><em><strong>*Tarifs indicatifs, contactez nous pour un devis.<\/strong><\/em><\/p>\t\t\t\t\t\t<\/div>\n\t\t\t\t<\/div>\n\t\t\t\t\t<\/div>\n\t\t<\/div>\n\t\t\t\t\t\t\t<\/div>\n\t\t<\/section>\n\t\t\t\t<section class=\"elementor-section elementor-top-section elementor-element elementor-element-2bfc688 elementor-section-boxed elementor-section-height-default elementor-section-height-default\" data-id=\"2bfc688\" data-element_type=\"section\">\n\t\t\t\t\t\t<div class=\"elementor-container elementor-column-gap-default\">\n\t\t\t\t\t<div class=\"elementor-column elementor-col-100 elementor-top-column elementor-element elementor-element-135790b\" data-id=\"135790b\" data-element_type=\"column\">\n\t\t\t<div class=\"elementor-widget-wrap elementor-element-populated\">\n\t\t\t\t\t\t\t\t<div class=\"elementor-element elementor-element-5ac6832 elementor-widget elementor-widget-shortcode\" data-id=\"5ac6832\" data-element_type=\"widget\" data-widget_type=\"shortcode.default\">\n\t\t\t\t<div class=\"elementor-widget-container\">\n\t\t\t\t\t<div class=\"elementor-shortcode\">\n<table id=\"tablepress-1\" class=\"tablepress tablepress-id-1\">\n<thead>\n<tr class=\"row-1 odd\">\n\t<th class=\"column-1\">Mod\u00e8les<\/th><th class=\"column-2\"><strong>Autolaveuse accompagn\u00e9e<\/strong><\/th><th class=\"column-3\"><strong>Autolaveuse accompagn\u00e9e<\/strong><\/th><th class=\"column-4\"><strong>Autolaveuse autoport\u00e9e<\/strong><\/th><th class=\"column-5\"><strong>Autolaveuse autoport\u00e9e<\/strong><\/th><th class=\"column-6\"><strong>Autolaveuse <\/strong><\/th><th class=\"column-7\"><strong>Balayeuse autoport\u00e9e<\/strong><\/th><th class=\"column-8\"><strong>Balayeuse<\/strong><\/th>\n<\/tr>\n<\/thead>\n<tbody class=\"row-hover\">\n<tr class=\"row-2 even\">\n\t<td class=\"column-1\">Visuel<\/td><td class=\"column-2\"><a href=\"http:\/\/www.autolaveuse-balayeuse-services.com\/wp-content\/uploads\/2023\/01\/CS16-3.jpeg\"><img loading=\"lazy\" decoding=\"async\" src=\"http:\/\/www.autolaveuse-balayeuse-services.com\/wp-content\/uploads\/2023\/01\/CS16-3.jpeg\" alt=\"\" width=\"150\" height=\"150\" class=\"alignnone size-thumbnail wp-image-470\" \/><\/a><\/td><td class=\"column-3\"><a href=\"http:\/\/www.autolaveuse-balayeuse-services.com\/wp-content\/uploads\/2023\/01\/CPS501.png\"><img loading=\"lazy\" decoding=\"async\" src=\"http:\/\/www.autolaveuse-balayeuse-services.com\/wp-content\/uploads\/2023\/01\/CPS501.png\" alt=\"\" width=\"150\" height=\"150\" class=\"alignnone size-thumbnail wp-image-470\" \/><\/a><\/td><td class=\"column-4\"><a href=\"http:\/\/www.autolaveuse-balayeuse-services.com\/wp-content\/uploads\/2023\/01\/T7-3.jpeg\"><img loading=\"lazy\" decoding=\"async\" src=\"http:\/\/www.autolaveuse-balayeuse-services.com\/wp-content\/uploads\/2023\/01\/T7-3.jpeg\" alt=\"\" width=\"150\" height=\"150\" class=\"alignnone size-thumbnail wp-image-545\" \/><\/a><\/td><td class=\"column-5\"><a href=\"http:\/\/www.autolaveuse-balayeuse-services.com\/wp-content\/uploads\/2023\/01\/T16-1.jpeg\"><img loading=\"lazy\" decoding=\"async\" src=\"http:\/\/www.autolaveuse-balayeuse-services.com\/wp-content\/uploads\/2023\/01\/T16-1.jpeg\" alt=\"\" width=\"150\" height=\"150\" class=\"alignnone size-thumbnail wp-image-474\" \/><\/a><\/td><td class=\"column-6\"><a href=\"http:\/\/www.autolaveuse-balayeuse-services.com\/wp-content\/uploads\/2023\/01\/M20.jpeg\"><img loading=\"lazy\" decoding=\"async\" src=\"http:\/\/www.autolaveuse-balayeuse-services.com\/wp-content\/uploads\/2023\/01\/M20.jpeg\" alt=\"\" width=\"150\" height=\"150\" class=\"alignnone size-thumbnail wp-image-476\" \/><\/a><\/td><td class=\"column-7\"><a href=\"http:\/\/www.autolaveuse-balayeuse-services.com\/wp-content\/uploads\/2023\/01\/s12.png\"><img loading=\"lazy\" decoding=\"async\" src=\"http:\/\/www.autolaveuse-balayeuse-services.com\/wp-content\/uploads\/2023\/01\/s12.png\" alt=\"\" width=\"142\" height=\"106\" class=\"alignnone size-full wp-image-478\" \/><\/a><\/td><td class=\"column-8\"><a href=\"http:\/\/www.autolaveuse-balayeuse-services.com\/wp-content\/uploads\/2023\/01\/Tennant-6400.jpeg\"><img loading=\"lazy\" decoding=\"async\" src=\"http:\/\/www.autolaveuse-balayeuse-services.com\/wp-content\/uploads\/2023\/01\/Tennant-6400.jpeg\" alt=\"\" width=\"150\" height=\"200\" class=\"alignnone size-Large wp-image-480\" \/><\/a><\/td>\n<\/tr>\n<tr class=\"row-3 odd\">\n\t<td class=\"column-1\">Alimentation<\/td><td class=\"column-2\">Batterie<\/td><td class=\"column-3\">Batterie<\/td><td class=\"column-4\">Batterie<\/td><td class=\"column-5\">Batterie<\/td><td class=\"column-6\">GPL<\/td><td class=\"column-7\">Batterie<\/td><td class=\"column-8\">GPL<\/td>\n<\/tr>\n<tr class=\"row-4 even\">\n\t<td class=\"column-1\">Autonomie<\/td><td class=\"column-2\">               1h<\/td><td class=\"column-3\">1h<\/td><td class=\"column-4\">4h<\/td><td class=\"column-5\">4h<\/td><td class=\"column-6\">Illimit\u00e9<\/td><td class=\"column-7\">4h<\/td><td class=\"column-8\">Illimit\u00e9<\/td>\n<\/tr>\n<tr class=\"row-5 odd\">\n\t<td class=\"column-1\">Largeur d'usage<\/td><td class=\"column-2\">35 cm<\/td><td class=\"column-3\">65 cm<\/td><td class=\"column-4\">90 cm<\/td><td class=\"column-5\">90 cm<\/td><td class=\"column-6\">120 cm<\/td><td class=\"column-7\">110 cm<\/td><td class=\"column-8\">120 cm<\/td>\n<\/tr>\n<tr class=\"row-6 even\">\n\t<td class=\"column-1\">Tarif pour 1 journ\u00e9e<\/td><td class=\"column-2\"><strong>250\u20ac HT<\/strong><\/td><td class=\"column-3\"><strong>350\u20ac HT<\/strong><\/td><td class=\"column-4\"><strong>500\u20ac HT<\/strong><\/td><td class=\"column-5\"><strong>700\u20ac HT<\/strong><\/td><td class=\"column-6\"><strong>1000\u20ac HT<\/strong><\/td><td class=\"column-7\"><strong>500\u20ac HT<\/strong><\/td><td class=\"column-8\"><strong>1000\u20ac HT<\/strong><\/td>\n<\/tr>\n<tr class=\"row-7 odd\">\n\t<td class=\"column-1\">Journ\u00e9e suppl\u00e9mentaire<\/td><td class=\"column-2\">125\u20ac HT<\/td><td class=\"column-3\">175\u20ac HT<\/td><td class=\"column-4\">250\u20ac HT<\/td><td class=\"column-5\">350\u20ac HT<\/td><td class=\"column-6\">500\u20ac HT<\/td><td class=\"column-7\">250\u20ac HT<\/td><td class=\"column-8\">500\u20ac HT<\/td>\n<\/tr>\n<tr class=\"row-8 even\">\n\t<td class=\"column-1\">Tarif pour 1 semaine<\/td><td class=\"column-2\"><strong>350\u20ac HT<\/strong><\/td><td class=\"column-3\"><strong>425\u20ac HT<\/strong><\/td><td class=\"column-4\"><strong>700\u20ac HT<\/strong><\/td><td class=\"column-5\"><strong>850\u20ac HT<\/strong><\/td><td class=\"column-6\"><strong>1400\u20ac HT<\/strong><\/td><td class=\"column-7\"><strong>700\u20ac HT<\/strong><\/td><td class=\"column-8\"><strong>1400\u20ac HT<\/strong><\/td>\n<\/tr>\n<tr class=\"row-9 odd\">\n\t<td class=\"column-1\">Semaine suppl\u00e9mentaire<\/td><td class=\"column-2\">250\u20ac HT<\/td><td class=\"column-3\">300\u20ac HT<\/td><td class=\"column-4\">500\u20ac HT<\/td><td class=\"column-5\">600\u20ac HT<\/td><td class=\"column-6\">1000\u20ac HT<\/td><td class=\"column-7\">500\u20ac HT<\/td><td class=\"column-8\">1000\u20ac HT<\/td>\n<\/tr>\n<tr class=\"row-10 even\">\n\t<td class=\"column-1\">Tarif pour 1 mois<\/td><td class=\"column-2\"><strong>500\u20ac HT<\/strong><\/td><td class=\"column-3\"><strong>650\u20ac HT<\/strong><\/td><td class=\"column-4\"><strong>1000\u20ac HT<\/strong><\/td><td class=\"column-5\"><strong>1300\u20ac HT<\/strong><\/td><td class=\"column-6\"><strong>2000\u20ac HT<\/strong><\/td><td class=\"column-7\"><strong>1000\u20ac HT<\/strong><\/td><td class=\"column-8\"><strong>2000\u20ac HT<\/strong><\/td>\n<\/tr>\n<tr class=\"row-11 odd\">\n\t<td class=\"column-1\">Mois suppl\u00e9mentaire<\/td><td class=\"column-2\">350\u20ac HT<\/td><td class=\"column-3\">400\u20ac HT<\/td><td class=\"column-4\">700\u20ac HT<\/td><td class=\"column-5\">800\u20ac HT<\/td><td class=\"column-6\">1400\u20ac HT<\/td><td class=\"column-7\">700\u20ac HT<\/td><td class=\"column-8\">1400\u20ac HT<\/td>\n<\/tr>\n<\/tbody>\n<\/table>\n<!-- #tablepress-1 from cache -->\n<\/div>\n\t\t\t\t<\/div>\n\t\t\t\t<\/div>\n\t\t\t\t\t<\/div>\n\t\t<\/div>\n\t\t\t\t\t\t\t<\/div>\n\t\t<\/section>\n\t\t\t\t\t\t\t<\/div>\n\t\t","protected":false},"excerpt":{"rendered":"<p>LOCATION COURTE DUR\u00c9E *Tarifs indicatifs, contactez nous pour un devis.<\/p>\n","protected":false},"author":1,"featured_media":0,"parent":0,"menu_order":0,"comment_status":"closed","ping_status":"closed","template":"","meta":{"site-sidebar-layout":"no-sidebar","site-content-layout":"page-builder","ast-global-header-display":"","ast-main-header-display":"","ast-hfb-above-header-display":"","ast-hfb-below-header-display":"","ast-hfb-mobile-header-display":"","site-post-title":"disabled","ast-breadcrumbs-content":"","ast-featured-img":"disabled","footer-sml-layout":"","theme-transparent-header-meta":"","adv-header-id-meta":"","stick-header-meta":"","header-above-stick-meta":"","header-main-stick-meta":"","header-below-stick-meta":"","footnotes":""},"class_list":["post-73","page","type-page","status-publish","hentry"],"yoast_head":"<!-- This site is optimized with the Yoast SEO plugin v19.6.1 - https:\/\/yoast.com\/wordpress\/plugins\/seo\/ -->\n<title>Locations - AUTOLAVEUSE BALAYEUSE SERVICES<\/title>\n<meta name=\"description\" content=\"Location autolaveuse - ABS vous propose ici une s\u00e9lection de machines de nettoyage et de balayage disponible \u00e0 la location courte et longue dur\u00e9e.\" \/>\n<meta name=\"robots\" content=\"index, follow, max-snippet:-1, max-image-preview:large, max-video-preview:-1\" \/>\n<link rel=\"canonical\" href=\"https:\/\/www.autolaveuse-balayeuse-services.com\/index.php\/locations-autolaveuse-abs-vous-propose-ici-une-selection-de-machines-de-nettoyage-et-de-balayage-disponible-a-la-location-courte-et-longue-duree\/\" \/>\n<meta property=\"og:locale\" content=\"fr_FR\" \/>\n<meta property=\"og:type\" content=\"article\" \/>\n<meta property=\"og:title\" content=\"Locations - AUTOLAVEUSE BALAYEUSE SERVICES\" \/>\n<meta property=\"og:description\" content=\"Location autolaveuse - ABS vous propose ici une s\u00e9lection de machines de nettoyage et de balayage disponible \u00e0 la location courte et longue dur\u00e9e.\" \/>\n<meta property=\"og:url\" content=\"https:\/\/www.autolaveuse-balayeuse-services.com\/index.php\/locations-autolaveuse-abs-vous-propose-ici-une-selection-de-machines-de-nettoyage-et-de-balayage-disponible-a-la-location-courte-et-longue-duree\/\" \/>\n<meta property=\"og:site_name\" content=\"AUTOLAVEUSE BALAYEUSE SERVICES\" \/>\n<meta property=\"article:modified_time\" content=\"2026-03-07T12:31:29+00:00\" \/>\n<meta name=\"twitter:card\" content=\"summary_large_image\" \/>\n<meta name=\"twitter:label1\" content=\"Dur\u00e9e de lecture estim\u00e9e\" \/>\n\t<meta name=\"twitter:data1\" content=\"1 minute\" \/>\n<script type=\"application\/ld+json\" class=\"yoast-schema-graph\">{\"@context\":\"https:\/\/schema.org\",\"@graph\":[{\"@type\":\"WebPage\",\"@id\":\"https:\/\/www.autolaveuse-balayeuse-services.com\/index.php\/locations-autolaveuse-abs-vous-propose-ici-une-selection-de-machines-de-nettoyage-et-de-balayage-disponible-a-la-location-courte-et-longue-duree\/\",\"url\":\"https:\/\/www.autolaveuse-balayeuse-services.com\/index.php\/locations-autolaveuse-abs-vous-propose-ici-une-selection-de-machines-de-nettoyage-et-de-balayage-disponible-a-la-location-courte-et-longue-duree\/\",\"name\":\"Locations - AUTOLAVEUSE BALAYEUSE SERVICES\",\"isPartOf\":{\"@id\":\"http:\/\/www.autolaveuse-balayeuse-services.com\/#website\"},\"datePublished\":\"2023-01-05T13:07:30+00:00\",\"dateModified\":\"2026-03-07T12:31:29+00:00\",\"description\":\"Location autolaveuse - ABS vous propose ici une s\u00e9lection de machines de nettoyage et de balayage disponible \u00e0 la location courte et longue dur\u00e9e.\",\"breadcrumb\":{\"@id\":\"https:\/\/www.autolaveuse-balayeuse-services.com\/index.php\/locations-autolaveuse-abs-vous-propose-ici-une-selection-de-machines-de-nettoyage-et-de-balayage-disponible-a-la-location-courte-et-longue-duree\/#breadcrumb\"},\"inLanguage\":\"fr-FR\",\"potentialAction\":[{\"@type\":\"ReadAction\",\"target\":[\"https:\/\/www.autolaveuse-balayeuse-services.com\/index.php\/locations-autolaveuse-abs-vous-propose-ici-une-selection-de-machines-de-nettoyage-et-de-balayage-disponible-a-la-location-courte-et-longue-duree\/\"]}]},{\"@type\":\"BreadcrumbList\",\"@id\":\"https:\/\/www.autolaveuse-balayeuse-services.com\/index.php\/locations-autolaveuse-abs-vous-propose-ici-une-selection-de-machines-de-nettoyage-et-de-balayage-disponible-a-la-location-courte-et-longue-duree\/#breadcrumb\",\"itemListElement\":[{\"@type\":\"ListItem\",\"position\":1,\"name\":\"Accueil\",\"item\":\"https:\/\/www.autolaveuse-balayeuse-services.com\/\"},{\"@type\":\"ListItem\",\"position\":2,\"name\":\"Locations\"}]},{\"@type\":\"WebSite\",\"@id\":\"http:\/\/www.autolaveuse-balayeuse-services.com\/#website\",\"url\":\"http:\/\/www.autolaveuse-balayeuse-services.com\/\",\"name\":\"AUTOLAVEUSE BALAYEUSE SERVICES\",\"description\":\"Autolaveuse Balayeuse Services\",\"publisher\":{\"@id\":\"http:\/\/www.autolaveuse-balayeuse-services.com\/#organization\"},\"potentialAction\":[{\"@type\":\"SearchAction\",\"target\":{\"@type\":\"EntryPoint\",\"urlTemplate\":\"http:\/\/www.autolaveuse-balayeuse-services.com\/?s={search_term_string}\"},\"query-input\":\"required name=search_term_string\"}],\"inLanguage\":\"fr-FR\"},{\"@type\":\"Organization\",\"@id\":\"http:\/\/www.autolaveuse-balayeuse-services.com\/#organization\",\"name\":\"AUTOLAVEUSE BALAYEUSE SERVICES\",\"url\":\"http:\/\/www.autolaveuse-balayeuse-services.com\/\",\"sameAs\":[],\"logo\":{\"@type\":\"ImageObject\",\"inLanguage\":\"fr-FR\",\"@id\":\"http:\/\/www.autolaveuse-balayeuse-services.com\/#\/schema\/logo\/image\/\",\"url\":\"https:\/\/www.autolaveuse-balayeuse-services.com\/wp-content\/uploads\/2023\/01\/cropped-thumbnail_pastedImage.png\",\"contentUrl\":\"https:\/\/www.autolaveuse-balayeuse-services.com\/wp-content\/uploads\/2023\/01\/cropped-thumbnail_pastedImage.png\",\"width\":662,\"height\":320,\"caption\":\"AUTOLAVEUSE BALAYEUSE SERVICES\"},\"image\":{\"@id\":\"http:\/\/www.autolaveuse-balayeuse-services.com\/#\/schema\/logo\/image\/\"}}]}<\/script>\n<!-- \/ Yoast SEO plugin. -->","yoast_head_json":{"title":"Locations - AUTOLAVEUSE BALAYEUSE SERVICES","description":"Location autolaveuse - ABS vous propose ici une s\u00e9lection de machines de nettoyage et de balayage disponible \u00e0 la location courte et longue dur\u00e9e.","robots":{"index":"index","follow":"follow","max-snippet":"max-snippet:-1","max-image-preview":"max-image-preview:large","max-video-preview":"max-video-preview:-1"},"canonical":"https:\/\/www.autolaveuse-balayeuse-services.com\/index.php\/locations-autolaveuse-abs-vous-propose-ici-une-selection-de-machines-de-nettoyage-et-de-balayage-disponible-a-la-location-courte-et-longue-duree\/","og_locale":"fr_FR","og_type":"article","og_title":"Locations - AUTOLAVEUSE BALAYEUSE SERVICES","og_description":"Location autolaveuse - ABS vous propose ici une s\u00e9lection de machines de nettoyage et de balayage disponible \u00e0 la location courte et longue dur\u00e9e.","og_url":"https:\/\/www.autolaveuse-balayeuse-services.com\/index.php\/locations-autolaveuse-abs-vous-propose-ici-une-selection-de-machines-de-nettoyage-et-de-balayage-disponible-a-la-location-courte-et-longue-duree\/","og_site_name":"AUTOLAVEUSE BALAYEUSE SERVICES","article_modified_time":"2026-03-07T12:31:29+00:00","twitter_card":"summary_large_image","twitter_misc":{"Dur\u00e9e de lecture estim\u00e9e":"1 minute"},"schema":{"@context":"https:\/\/schema.org","@graph":[{"@type":"WebPage","@id":"https:\/\/www.autolaveuse-balayeuse-services.com\/index.php\/locations-autolaveuse-abs-vous-propose-ici-une-selection-de-machines-de-nettoyage-et-de-balayage-disponible-a-la-location-courte-et-longue-duree\/","url":"https:\/\/www.autolaveuse-balayeuse-services.com\/index.php\/locations-autolaveuse-abs-vous-propose-ici-une-selection-de-machines-de-nettoyage-et-de-balayage-disponible-a-la-location-courte-et-longue-duree\/","name":"Locations - AUTOLAVEUSE BALAYEUSE SERVICES","isPartOf":{"@id":"http:\/\/www.autolaveuse-balayeuse-services.com\/#website"},"datePublished":"2023-01-05T13:07:30+00:00","dateModified":"2026-03-07T12:31:29+00:00","description":"Location autolaveuse - ABS vous propose ici une s\u00e9lection de machines de nettoyage et de balayage disponible \u00e0 la location courte et longue dur\u00e9e.","breadcrumb":{"@id":"https:\/\/www.autolaveuse-balayeuse-services.com\/index.php\/locations-autolaveuse-abs-vous-propose-ici-une-selection-de-machines-de-nettoyage-et-de-balayage-disponible-a-la-location-courte-et-longue-duree\/#breadcrumb"},"inLanguage":"fr-FR","potentialAction":[{"@type":"ReadAction","target":["https:\/\/www.autolaveuse-balayeuse-services.com\/index.php\/locations-autolaveuse-abs-vous-propose-ici-une-selection-de-machines-de-nettoyage-et-de-balayage-disponible-a-la-location-courte-et-longue-duree\/"]}]},{"@type":"BreadcrumbList","@id":"https:\/\/www.autolaveuse-balayeuse-services.com\/index.php\/locations-autolaveuse-abs-vous-propose-ici-une-selection-de-machines-de-nettoyage-et-de-balayage-disponible-a-la-location-courte-et-longue-duree\/#breadcrumb","itemListElement":[{"@type":"ListItem","position":1,"name":"Accueil","item":"https:\/\/www.autolaveuse-balayeuse-services.com\/"},{"@type":"ListItem","position":2,"name":"Locations"}]},{"@type":"WebSite","@id":"http:\/\/www.autolaveuse-balayeuse-services.com\/#website","url":"http:\/\/www.autolaveuse-balayeuse-services.com\/","name":"AUTOLAVEUSE BALAYEUSE SERVICES","description":"Autolaveuse Balayeuse Services","publisher":{"@id":"http:\/\/www.autolaveuse-balayeuse-services.com\/#organization"},"potentialAction":[{"@type":"SearchAction","target":{"@type":"EntryPoint","urlTemplate":"http:\/\/www.autolaveuse-balayeuse-services.com\/?s={search_term_string}"},"query-input":"required name=search_term_string"}],"inLanguage":"fr-FR"},{"@type":"Organization","@id":"http:\/\/www.autolaveuse-balayeuse-services.com\/#organization","name":"AUTOLAVEUSE BALAYEUSE SERVICES","url":"http:\/\/www.autolaveuse-balayeuse-services.com\/","sameAs":[],"logo":{"@type":"ImageObject","inLanguage":"fr-FR","@id":"http:\/\/www.autolaveuse-balayeuse-services.com\/#\/schema\/logo\/image\/","url":"https:\/\/www.autolaveuse-balayeuse-services.com\/wp-content\/uploads\/2023\/01\/cropped-thumbnail_pastedImage.png","contentUrl":"https:\/\/www.autolaveuse-balayeuse-services.com\/wp-content\/uploads\/2023\/01\/cropped-thumbnail_pastedImage.png","width":662,"height":320,"caption":"AUTOLAVEUSE BALAYEUSE SERVICES"},"image":{"@id":"http:\/\/www.autolaveuse-balayeuse-services.com\/#\/schema\/logo\/image\/"}}]}},"_links":{"self":[{"href":"https:\/\/www.autolaveuse-balayeuse-services.com\/index.php\/wp-json\/wp\/v2\/pages\/73","targetHints":{"allow":["GET"]}}],"collection":[{"href":"https:\/\/www.autolaveuse-balayeuse-services.com\/index.php\/wp-json\/wp\/v2\/pages"}],"about":[{"href":"https:\/\/www.autolaveuse-balayeuse-services.com\/index.php\/wp-json\/wp\/v2\/types\/page"}],"author":[{"embeddable":true,"href":"https:\/\/www.autolaveuse-balayeuse-services.com\/index.php\/wp-json\/wp\/v2\/users\/1"}],"replies":[{"embeddable":true,"href":"https:\/\/www.autolaveuse-balayeuse-services.com\/index.php\/wp-json\/wp\/v2\/comments?post=73"}],"version-history":[{"count":27,"href":"https:\/\/www.autolaveuse-balayeuse-services.com\/index.php\/wp-json\/wp\/v2\/pages\/73\/revisions"}],"predecessor-version":[{"id":1002,"href":"https:\/\/www.autolaveuse-balayeuse-services.com\/index.php\/wp-json\/wp\/v2\/pages\/73\/revisions\/1002"}],"wp:attachment":[{"href":"https:\/\/www.autolaveuse-balayeuse-services.com\/index.php\/wp-json\/wp\/v2\/media?parent=73"}],"curies":[{"name":"wp","href":"https:\/\/api.w.org\/{rel}","templated":true}]}}