{"id":701,"date":"2023-01-11T10:54:19","date_gmt":"2023-01-11T09:54:19","guid":{"rendered":"https:\/\/www.autolaveuse-balayeuse-services.com\/?page_id=701"},"modified":"2026-03-07T13:27:28","modified_gmt":"2026-03-07T12:27:28","slug":"divers-occasions","status":"publish","type":"page","link":"https:\/\/www.autolaveuse-balayeuse-services.com\/index.php\/divers-occasions\/","title":{"rendered":"Divers occasions"},"content":{"rendered":"\t\t<div data-elementor-type=\"wp-page\" data-elementor-id=\"701\" class=\"elementor elementor-701\">\n\t\t\t\t\t\t\t\t\t<section class=\"elementor-section elementor-top-section elementor-element elementor-element-fe767af elementor-section-boxed elementor-section-height-default elementor-section-height-default\" data-id=\"fe767af\" data-element_type=\"section\">\n\t\t\t\t\t\t<div class=\"elementor-container elementor-column-gap-default\">\n\t\t\t\t\t<div class=\"elementor-column elementor-col-100 elementor-top-column elementor-element elementor-element-740a6a4\" data-id=\"740a6a4\" data-element_type=\"column\">\n\t\t\t<div class=\"elementor-widget-wrap elementor-element-populated\">\n\t\t\t\t\t\t\t\t<div class=\"elementor-element elementor-element-33b7af6 elementor-widget elementor-widget-heading\" data-id=\"33b7af6\" data-element_type=\"widget\" data-widget_type=\"heading.default\">\n\t\t\t\t<div class=\"elementor-widget-container\">\n\t\t\t<style>\/*! elementor - v3.7.4 - 31-08-2022 *\/\n.elementor-heading-title{padding:0;margin:0;line-height:1}.elementor-widget-heading .elementor-heading-title[class*=elementor-size-]>a{color:inherit;font-size:inherit;line-height:inherit}.elementor-widget-heading .elementor-heading-title.elementor-size-small{font-size:15px}.elementor-widget-heading .elementor-heading-title.elementor-size-medium{font-size:19px}.elementor-widget-heading .elementor-heading-title.elementor-size-large{font-size:29px}.elementor-widget-heading .elementor-heading-title.elementor-size-xl{font-size:39px}.elementor-widget-heading .elementor-heading-title.elementor-size-xxl{font-size:59px}<\/style><h2 class=\"elementor-heading-title elementor-size-default\">Divers Machines d'occasions<\/h2>\t\t<\/div>\n\t\t\t\t<\/div>\n\t\t\t\t<div class=\"elementor-element elementor-element-b23472d elementor-widget elementor-widget-text-editor\" data-id=\"b23472d\" data-element_type=\"widget\" data-widget_type=\"text-editor.default\">\n\t\t\t\t<div class=\"elementor-widget-container\">\n\t\t\t<style>\/*! elementor - v3.7.4 - 31-08-2022 *\/\n.elementor-widget-text-editor.elementor-drop-cap-view-stacked .elementor-drop-cap{background-color:#818a91;color:#fff}.elementor-widget-text-editor.elementor-drop-cap-view-framed .elementor-drop-cap{color:#818a91;border:3px solid;background-color:transparent}.elementor-widget-text-editor:not(.elementor-drop-cap-view-default) .elementor-drop-cap{margin-top:8px}.elementor-widget-text-editor:not(.elementor-drop-cap-view-default) .elementor-drop-cap-letter{width:1em;height:1em}.elementor-widget-text-editor .elementor-drop-cap{float:left;text-align:center;line-height:1;font-size:50px}.elementor-widget-text-editor .elementor-drop-cap-letter{display:inline-block}<\/style>\t\t\t\t<p><strong><em>*sous r\u00e9serve d\u2019acceptation du dossier de financement<\/em><\/strong><\/p>\t\t\t\t\t\t<\/div>\n\t\t\t\t<\/div>\n\t\t\t\t\t<\/div>\n\t\t<\/div>\n\t\t\t\t\t\t\t<\/div>\n\t\t<\/section>\n\t\t\t\t<section class=\"elementor-section elementor-top-section elementor-element elementor-element-9784204 elementor-section-boxed elementor-section-height-default elementor-section-height-default\" data-id=\"9784204\" data-element_type=\"section\">\n\t\t\t\t\t\t<div class=\"elementor-container elementor-column-gap-default\">\n\t\t\t\t\t<div class=\"elementor-column elementor-col-100 elementor-top-column elementor-element elementor-element-ddebba2\" data-id=\"ddebba2\" data-element_type=\"column\">\n\t\t\t<div class=\"elementor-widget-wrap elementor-element-populated\">\n\t\t\t\t\t\t\t\t<div class=\"elementor-element elementor-element-d83cd8a elementor-widget-divider--view-line elementor-widget elementor-widget-divider\" data-id=\"d83cd8a\" data-element_type=\"widget\" data-widget_type=\"divider.default\">\n\t\t\t\t<div class=\"elementor-widget-container\">\n\t\t\t<style>\/*! elementor - v3.7.4 - 31-08-2022 *\/\n.elementor-widget-divider{--divider-border-style:none;--divider-border-width:1px;--divider-color:#2c2c2c;--divider-icon-size:20px;--divider-element-spacing:10px;--divider-pattern-height:24px;--divider-pattern-size:20px;--divider-pattern-url:none;--divider-pattern-repeat:repeat-x}.elementor-widget-divider .elementor-divider{display:-webkit-box;display:-ms-flexbox;display:flex}.elementor-widget-divider .elementor-divider__text{font-size:15px;line-height:1;max-width:95%}.elementor-widget-divider .elementor-divider__element{margin:0 var(--divider-element-spacing);-ms-flex-negative:0;flex-shrink:0}.elementor-widget-divider .elementor-icon{font-size:var(--divider-icon-size)}.elementor-widget-divider .elementor-divider-separator{display:-webkit-box;display:-ms-flexbox;display:flex;margin:0;direction:ltr}.elementor-widget-divider--view-line_icon .elementor-divider-separator,.elementor-widget-divider--view-line_text .elementor-divider-separator{-webkit-box-align:center;-ms-flex-align:center;align-items:center}.elementor-widget-divider--view-line_icon .elementor-divider-separator:after,.elementor-widget-divider--view-line_icon .elementor-divider-separator:before,.elementor-widget-divider--view-line_text .elementor-divider-separator:after,.elementor-widget-divider--view-line_text .elementor-divider-separator:before{display:block;content:\"\";border-bottom:0;-webkit-box-flex:1;-ms-flex-positive:1;flex-grow:1;border-top:var(--divider-border-width) var(--divider-border-style) var(--divider-color)}.elementor-widget-divider--element-align-left .elementor-divider .elementor-divider-separator>.elementor-divider__svg:first-of-type{-webkit-box-flex:0;-ms-flex-positive:0;flex-grow:0;-ms-flex-negative:100;flex-shrink:100}.elementor-widget-divider--element-align-left .elementor-divider-separator:before{content:none}.elementor-widget-divider--element-align-left .elementor-divider__element{margin-left:0}.elementor-widget-divider--element-align-right .elementor-divider .elementor-divider-separator>.elementor-divider__svg:last-of-type{-webkit-box-flex:0;-ms-flex-positive:0;flex-grow:0;-ms-flex-negative:100;flex-shrink:100}.elementor-widget-divider--element-align-right .elementor-divider-separator:after{content:none}.elementor-widget-divider--element-align-right .elementor-divider__element{margin-right:0}.elementor-widget-divider:not(.elementor-widget-divider--view-line_text):not(.elementor-widget-divider--view-line_icon) .elementor-divider-separator{border-top:var(--divider-border-width) var(--divider-border-style) var(--divider-color)}.elementor-widget-divider--separator-type-pattern{--divider-border-style:none}.elementor-widget-divider--separator-type-pattern.elementor-widget-divider--view-line .elementor-divider-separator,.elementor-widget-divider--separator-type-pattern:not(.elementor-widget-divider--view-line) .elementor-divider-separator:after,.elementor-widget-divider--separator-type-pattern:not(.elementor-widget-divider--view-line) .elementor-divider-separator:before,.elementor-widget-divider--separator-type-pattern:not([class*=elementor-widget-divider--view]) .elementor-divider-separator{width:100%;min-height:var(--divider-pattern-height);-webkit-mask-size:var(--divider-pattern-size) 100%;mask-size:var(--divider-pattern-size) 100%;-webkit-mask-repeat:var(--divider-pattern-repeat);mask-repeat:var(--divider-pattern-repeat);background-color:var(--divider-color);-webkit-mask-image:var(--divider-pattern-url);mask-image:var(--divider-pattern-url)}.elementor-widget-divider--no-spacing{--divider-pattern-size:auto}.elementor-widget-divider--bg-round{--divider-pattern-repeat:round}.rtl .elementor-widget-divider .elementor-divider__text{direction:rtl}.e-container>.elementor-widget-divider{width:var(--container-widget-width,100%);--flex-grow:var(--container-widget-flex-grow,0)}<\/style>\t\t<div class=\"elementor-divider\">\n\t\t\t<span class=\"elementor-divider-separator\">\n\t\t\t\t\t\t<\/span>\n\t\t<\/div>\n\t\t\t\t<\/div>\n\t\t\t\t<\/div>\n\t\t\t\t\t<\/div>\n\t\t<\/div>\n\t\t\t\t\t\t\t<\/div>\n\t\t<\/section>\n\t\t\t\t<section class=\"elementor-section elementor-top-section elementor-element elementor-element-60b2d86 elementor-section-boxed elementor-section-height-default elementor-section-height-default\" data-id=\"60b2d86\" data-element_type=\"section\">\n\t\t\t\t\t\t<div class=\"elementor-container elementor-column-gap-default\">\n\t\t\t\t\t<div class=\"elementor-column elementor-col-25 elementor-top-column elementor-element elementor-element-db7a556\" data-id=\"db7a556\" data-element_type=\"column\">\n\t\t\t<div class=\"elementor-widget-wrap elementor-element-populated\">\n\t\t\t\t\t\t\t\t<div class=\"elementor-element elementor-element-c8382fb elementor-widget elementor-widget-heading\" data-id=\"c8382fb\" data-element_type=\"widget\" data-widget_type=\"heading.default\">\n\t\t\t\t<div class=\"elementor-widget-container\">\n\t\t\t<h3 class=\"elementor-heading-title elementor-size-default\">TENNANT R3<br><br><br><br><\/h3>\t\t<\/div>\n\t\t\t\t<\/div>\n\t\t\t\t\t<\/div>\n\t\t<\/div>\n\t\t\t\t<div class=\"elementor-column elementor-col-25 elementor-top-column elementor-element elementor-element-18ccfb3\" data-id=\"18ccfb3\" data-element_type=\"column\">\n\t\t\t<div class=\"elementor-widget-wrap elementor-element-populated\">\n\t\t\t\t\t\t\t\t<div class=\"elementor-element elementor-element-cafe24b elementor-widget elementor-widget-text-editor\" data-id=\"cafe24b\" data-element_type=\"widget\" data-widget_type=\"text-editor.default\">\n\t\t\t\t<div class=\"elementor-widget-container\">\n\t\t\t\t\t\t\t<ul><li><strong>Largeur de travail : 38cm<\/strong><\/li><li><strong>R\u00e9servoir : 15L<\/strong><\/li><li><strong>Machine en tr\u00e8s bon \u00e9tat\u00a0<\/strong><\/li><li><strong>Vendue r\u00e9vis\u00e9e<\/strong><\/li><\/ul>\t\t\t\t\t\t<\/div>\n\t\t\t\t<\/div>\n\t\t\t\t\t<\/div>\n\t\t<\/div>\n\t\t\t\t<div class=\"elementor-column elementor-col-25 elementor-top-column elementor-element elementor-element-d3ca384\" data-id=\"d3ca384\" data-element_type=\"column\">\n\t\t\t<div class=\"elementor-widget-wrap elementor-element-populated\">\n\t\t\t\t\t\t\t\t<div class=\"elementor-element elementor-element-916d5a1 elementor-widget elementor-widget-text-editor\" data-id=\"916d5a1\" data-element_type=\"widget\" data-widget_type=\"text-editor.default\">\n\t\t\t\t<div class=\"elementor-widget-container\">\n\t\t\t\t\t\t\t<p><strong><em>Machine pour les moquettes accompagn\u00e9e<\/em><\/strong><\/p><p><strong>Tarif : 1 000\u20acHT<\/strong><\/p><p><strong>*LOA 48 mois : 24,60\u20acHT\/mois\u00a0<\/strong><\/p><p><strong>Garantie : 6 mois<\/strong><\/p>\t\t\t\t\t\t<\/div>\n\t\t\t\t<\/div>\n\t\t\t\t\t<\/div>\n\t\t<\/div>\n\t\t\t\t<div class=\"elementor-column elementor-col-25 elementor-top-column elementor-element elementor-element-dfb8ff2\" data-id=\"dfb8ff2\" data-element_type=\"column\">\n\t\t\t<div class=\"elementor-widget-wrap elementor-element-populated\">\n\t\t\t\t\t\t\t\t<div class=\"elementor-element elementor-element-569acd5 elementor-widget elementor-widget-image\" data-id=\"569acd5\" data-element_type=\"widget\" data-widget_type=\"image.default\">\n\t\t\t\t<div class=\"elementor-widget-container\">\n\t\t\t<style>\/*! elementor - v3.7.4 - 31-08-2022 *\/\n.elementor-widget-image{text-align:center}.elementor-widget-image a{display:inline-block}.elementor-widget-image a img[src$=\".svg\"]{width:48px}.elementor-widget-image img{vertical-align:middle;display:inline-block}<\/style>\t\t\t\t\t\t\t\t\t\t\t\t<img loading=\"lazy\" decoding=\"async\" width=\"223\" height=\"293\" src=\"https:\/\/www.autolaveuse-balayeuse-services.com\/wp-content\/uploads\/2023\/01\/r3-1.png\" class=\"attachment-medium size-medium\" alt=\"\" \/>\t\t\t\t\t\t\t\t\t\t\t\t\t\t\t<\/div>\n\t\t\t\t<\/div>\n\t\t\t\t\t<\/div>\n\t\t<\/div>\n\t\t\t\t\t\t\t<\/div>\n\t\t<\/section>\n\t\t\t\t<section class=\"elementor-section elementor-top-section elementor-element elementor-element-2a6c8ff elementor-section-boxed elementor-section-height-default elementor-section-height-default\" data-id=\"2a6c8ff\" data-element_type=\"section\">\n\t\t\t\t\t\t<div class=\"elementor-container elementor-column-gap-default\">\n\t\t\t\t\t<div class=\"elementor-column elementor-col-100 elementor-top-column elementor-element elementor-element-7166f7a\" data-id=\"7166f7a\" data-element_type=\"column\">\n\t\t\t<div class=\"elementor-widget-wrap elementor-element-populated\">\n\t\t\t\t\t\t\t\t<div class=\"elementor-element elementor-element-20834f5 elementor-widget-divider--view-line elementor-widget elementor-widget-divider\" data-id=\"20834f5\" data-element_type=\"widget\" data-widget_type=\"divider.default\">\n\t\t\t\t<div class=\"elementor-widget-container\">\n\t\t\t\t\t<div class=\"elementor-divider\">\n\t\t\t<span class=\"elementor-divider-separator\">\n\t\t\t\t\t\t<\/span>\n\t\t<\/div>\n\t\t\t\t<\/div>\n\t\t\t\t<\/div>\n\t\t\t\t\t<\/div>\n\t\t<\/div>\n\t\t\t\t\t\t\t<\/div>\n\t\t<\/section>\n\t\t\t\t\t\t\t<\/div>\n\t\t","protected":false},"excerpt":{"rendered":"<p>Divers Machines d&#8217;occasions *sous r\u00e9serve d\u2019acceptation du dossier de financement TENNANT R3 Largeur de travail : 38cm R\u00e9servoir : 15L Machine en tr\u00e8s bon \u00e9tat\u00a0 Vendue r\u00e9vis\u00e9e Machine pour les moquettes accompagn\u00e9e Tarif : 1 000\u20acHT *LOA 48 mois : 24,60\u20acHT\/mois\u00a0 Garantie : 6 mois<\/p>\n","protected":false},"author":1,"featured_media":0,"parent":0,"menu_order":0,"comment_status":"closed","ping_status":"closed","template":"","meta":{"site-sidebar-layout":"no-sidebar","site-content-layout":"page-builder","ast-global-header-display":"","ast-main-header-display":"","ast-hfb-above-header-display":"","ast-hfb-below-header-display":"","ast-hfb-mobile-header-display":"","site-post-title":"disabled","ast-breadcrumbs-content":"","ast-featured-img":"disabled","footer-sml-layout":"","theme-transparent-header-meta":"","adv-header-id-meta":"","stick-header-meta":"","header-above-stick-meta":"","header-main-stick-meta":"","header-below-stick-meta":"","footnotes":""},"class_list":["post-701","page","type-page","status-publish","hentry"],"yoast_head":"<!-- This site is optimized with the Yoast SEO plugin v19.6.1 - https:\/\/yoast.com\/wordpress\/plugins\/seo\/ -->\n<title>Divers occasions - AUTOLAVEUSE BALAYEUSE SERVICES<\/title>\n<meta name=\"description\" content=\"divers occasion\" \/>\n<meta name=\"robots\" content=\"index, follow, max-snippet:-1, max-image-preview:large, max-video-preview:-1\" \/>\n<link rel=\"canonical\" href=\"https:\/\/www.autolaveuse-balayeuse-services.com\/index.php\/divers-occasions\/\" \/>\n<meta property=\"og:locale\" content=\"fr_FR\" \/>\n<meta property=\"og:type\" content=\"article\" \/>\n<meta property=\"og:title\" content=\"Divers occasions - AUTOLAVEUSE BALAYEUSE SERVICES\" \/>\n<meta property=\"og:description\" content=\"divers occasion\" \/>\n<meta property=\"og:url\" content=\"https:\/\/www.autolaveuse-balayeuse-services.com\/index.php\/divers-occasions\/\" \/>\n<meta property=\"og:site_name\" content=\"AUTOLAVEUSE BALAYEUSE SERVICES\" \/>\n<meta property=\"article:modified_time\" content=\"2026-03-07T12:27:28+00:00\" \/>\n<meta property=\"og:image\" content=\"http:\/\/www.autolaveuse-balayeuse-services.com\/wp-content\/uploads\/2023\/01\/r3-1.png\" \/>\n<meta name=\"twitter:card\" content=\"summary_large_image\" \/>\n<meta name=\"twitter:label1\" content=\"Dur\u00e9e de lecture estim\u00e9e\" \/>\n\t<meta name=\"twitter:data1\" content=\"1 minute\" \/>\n<script type=\"application\/ld+json\" class=\"yoast-schema-graph\">{\"@context\":\"https:\/\/schema.org\",\"@graph\":[{\"@type\":\"WebPage\",\"@id\":\"https:\/\/www.autolaveuse-balayeuse-services.com\/index.php\/divers-occasions\/\",\"url\":\"https:\/\/www.autolaveuse-balayeuse-services.com\/index.php\/divers-occasions\/\",\"name\":\"Divers occasions - AUTOLAVEUSE BALAYEUSE SERVICES\",\"isPartOf\":{\"@id\":\"http:\/\/www.autolaveuse-balayeuse-services.com\/#website\"},\"datePublished\":\"2023-01-11T09:54:19+00:00\",\"dateModified\":\"2026-03-07T12:27:28+00:00\",\"description\":\"divers occasion\",\"breadcrumb\":{\"@id\":\"https:\/\/www.autolaveuse-balayeuse-services.com\/index.php\/divers-occasions\/#breadcrumb\"},\"inLanguage\":\"fr-FR\",\"potentialAction\":[{\"@type\":\"ReadAction\",\"target\":[\"https:\/\/www.autolaveuse-balayeuse-services.com\/index.php\/divers-occasions\/\"]}]},{\"@type\":\"BreadcrumbList\",\"@id\":\"https:\/\/www.autolaveuse-balayeuse-services.com\/index.php\/divers-occasions\/#breadcrumb\",\"itemListElement\":[{\"@type\":\"ListItem\",\"position\":1,\"name\":\"Accueil\",\"item\":\"https:\/\/www.autolaveuse-balayeuse-services.com\/\"},{\"@type\":\"ListItem\",\"position\":2,\"name\":\"Divers occasions\"}]},{\"@type\":\"WebSite\",\"@id\":\"http:\/\/www.autolaveuse-balayeuse-services.com\/#website\",\"url\":\"http:\/\/www.autolaveuse-balayeuse-services.com\/\",\"name\":\"AUTOLAVEUSE BALAYEUSE SERVICES\",\"description\":\"Autolaveuse Balayeuse Services\",\"publisher\":{\"@id\":\"http:\/\/www.autolaveuse-balayeuse-services.com\/#organization\"},\"potentialAction\":[{\"@type\":\"SearchAction\",\"target\":{\"@type\":\"EntryPoint\",\"urlTemplate\":\"http:\/\/www.autolaveuse-balayeuse-services.com\/?s={search_term_string}\"},\"query-input\":\"required name=search_term_string\"}],\"inLanguage\":\"fr-FR\"},{\"@type\":\"Organization\",\"@id\":\"http:\/\/www.autolaveuse-balayeuse-services.com\/#organization\",\"name\":\"AUTOLAVEUSE BALAYEUSE SERVICES\",\"url\":\"http:\/\/www.autolaveuse-balayeuse-services.com\/\",\"sameAs\":[],\"logo\":{\"@type\":\"ImageObject\",\"inLanguage\":\"fr-FR\",\"@id\":\"http:\/\/www.autolaveuse-balayeuse-services.com\/#\/schema\/logo\/image\/\",\"url\":\"https:\/\/www.autolaveuse-balayeuse-services.com\/wp-content\/uploads\/2023\/01\/cropped-thumbnail_pastedImage.png\",\"contentUrl\":\"https:\/\/www.autolaveuse-balayeuse-services.com\/wp-content\/uploads\/2023\/01\/cropped-thumbnail_pastedImage.png\",\"width\":662,\"height\":320,\"caption\":\"AUTOLAVEUSE BALAYEUSE SERVICES\"},\"image\":{\"@id\":\"http:\/\/www.autolaveuse-balayeuse-services.com\/#\/schema\/logo\/image\/\"}}]}<\/script>\n<!-- \/ Yoast SEO plugin. -->","yoast_head_json":{"title":"Divers occasions - AUTOLAVEUSE BALAYEUSE SERVICES","description":"divers occasion","robots":{"index":"index","follow":"follow","max-snippet":"max-snippet:-1","max-image-preview":"max-image-preview:large","max-video-preview":"max-video-preview:-1"},"canonical":"https:\/\/www.autolaveuse-balayeuse-services.com\/index.php\/divers-occasions\/","og_locale":"fr_FR","og_type":"article","og_title":"Divers occasions - AUTOLAVEUSE BALAYEUSE SERVICES","og_description":"divers occasion","og_url":"https:\/\/www.autolaveuse-balayeuse-services.com\/index.php\/divers-occasions\/","og_site_name":"AUTOLAVEUSE BALAYEUSE SERVICES","article_modified_time":"2026-03-07T12:27:28+00:00","og_image":[{"url":"http:\/\/www.autolaveuse-balayeuse-services.com\/wp-content\/uploads\/2023\/01\/r3-1.png"}],"twitter_card":"summary_large_image","twitter_misc":{"Dur\u00e9e de lecture estim\u00e9e":"1 minute"},"schema":{"@context":"https:\/\/schema.org","@graph":[{"@type":"WebPage","@id":"https:\/\/www.autolaveuse-balayeuse-services.com\/index.php\/divers-occasions\/","url":"https:\/\/www.autolaveuse-balayeuse-services.com\/index.php\/divers-occasions\/","name":"Divers occasions - AUTOLAVEUSE BALAYEUSE SERVICES","isPartOf":{"@id":"http:\/\/www.autolaveuse-balayeuse-services.com\/#website"},"datePublished":"2023-01-11T09:54:19+00:00","dateModified":"2026-03-07T12:27:28+00:00","description":"divers occasion","breadcrumb":{"@id":"https:\/\/www.autolaveuse-balayeuse-services.com\/index.php\/divers-occasions\/#breadcrumb"},"inLanguage":"fr-FR","potentialAction":[{"@type":"ReadAction","target":["https:\/\/www.autolaveuse-balayeuse-services.com\/index.php\/divers-occasions\/"]}]},{"@type":"BreadcrumbList","@id":"https:\/\/www.autolaveuse-balayeuse-services.com\/index.php\/divers-occasions\/#breadcrumb","itemListElement":[{"@type":"ListItem","position":1,"name":"Accueil","item":"https:\/\/www.autolaveuse-balayeuse-services.com\/"},{"@type":"ListItem","position":2,"name":"Divers occasions"}]},{"@type":"WebSite","@id":"http:\/\/www.autolaveuse-balayeuse-services.com\/#website","url":"http:\/\/www.autolaveuse-balayeuse-services.com\/","name":"AUTOLAVEUSE BALAYEUSE SERVICES","description":"Autolaveuse Balayeuse Services","publisher":{"@id":"http:\/\/www.autolaveuse-balayeuse-services.com\/#organization"},"potentialAction":[{"@type":"SearchAction","target":{"@type":"EntryPoint","urlTemplate":"http:\/\/www.autolaveuse-balayeuse-services.com\/?s={search_term_string}"},"query-input":"required name=search_term_string"}],"inLanguage":"fr-FR"},{"@type":"Organization","@id":"http:\/\/www.autolaveuse-balayeuse-services.com\/#organization","name":"AUTOLAVEUSE BALAYEUSE SERVICES","url":"http:\/\/www.autolaveuse-balayeuse-services.com\/","sameAs":[],"logo":{"@type":"ImageObject","inLanguage":"fr-FR","@id":"http:\/\/www.autolaveuse-balayeuse-services.com\/#\/schema\/logo\/image\/","url":"https:\/\/www.autolaveuse-balayeuse-services.com\/wp-content\/uploads\/2023\/01\/cropped-thumbnail_pastedImage.png","contentUrl":"https:\/\/www.autolaveuse-balayeuse-services.com\/wp-content\/uploads\/2023\/01\/cropped-thumbnail_pastedImage.png","width":662,"height":320,"caption":"AUTOLAVEUSE BALAYEUSE SERVICES"},"image":{"@id":"http:\/\/www.autolaveuse-balayeuse-services.com\/#\/schema\/logo\/image\/"}}]}},"_links":{"self":[{"href":"https:\/\/www.autolaveuse-balayeuse-services.com\/index.php\/wp-json\/wp\/v2\/pages\/701","targetHints":{"allow":["GET"]}}],"collection":[{"href":"https:\/\/www.autolaveuse-balayeuse-services.com\/index.php\/wp-json\/wp\/v2\/pages"}],"about":[{"href":"https:\/\/www.autolaveuse-balayeuse-services.com\/index.php\/wp-json\/wp\/v2\/types\/page"}],"author":[{"embeddable":true,"href":"https:\/\/www.autolaveuse-balayeuse-services.com\/index.php\/wp-json\/wp\/v2\/users\/1"}],"replies":[{"embeddable":true,"href":"https:\/\/www.autolaveuse-balayeuse-services.com\/index.php\/wp-json\/wp\/v2\/comments?post=701"}],"version-history":[{"count":22,"href":"https:\/\/www.autolaveuse-balayeuse-services.com\/index.php\/wp-json\/wp\/v2\/pages\/701\/revisions"}],"predecessor-version":[{"id":937,"href":"https:\/\/www.autolaveuse-balayeuse-services.com\/index.php\/wp-json\/wp\/v2\/pages\/701\/revisions\/937"}],"wp:attachment":[{"href":"https:\/\/www.autolaveuse-balayeuse-services.com\/index.php\/wp-json\/wp\/v2\/media?parent=701"}],"curies":[{"name":"wp","href":"https:\/\/api.w.org\/{rel}","templated":true}]}}